{"id":2,"date":"2008-09-28T12:34:35","date_gmt":"2008-09-28T10:34:35","guid":{"rendered":"http:\/\/systrarnasmat.se\/?page_id=2"},"modified":"2021-08-16T13:14:30","modified_gmt":"2021-08-16T13:14:30","slug":"about","status":"publish","type":"page","link":"https:\/\/systrarnasmat.se\/?page_id=2","title":{"rendered":"Om systrarnas mat"},"content":{"rendered":"<p style=\"text-align: center;\"><a href=\"https:\/\/systrarnasmat.se\/wp-content\/uploads\/2021\/08\/IMG_5672-rotated.jpg\"><img loading=\"lazy\" class=\"alignnone size-medium wp-image-453\" src=\"https:\/\/systrarnasmat.se\/wp-content\/uploads\/2021\/08\/IMG_5672-225x300.jpg\" alt=\"\" width=\"225\" height=\"300\" srcset=\"https:\/\/systrarnasmat.se\/wp-content\/uploads\/2021\/08\/IMG_5672-225x300.jpg 225w, https:\/\/systrarnasmat.se\/wp-content\/uploads\/2021\/08\/IMG_5672-rotated.jpg 480w\" sizes=\"(max-width: 225px) 100vw, 225px\" \/><\/a><\/p>\n<p>Vi \u00e4r tv\u00e5 systrar som tycker om att laga mat, baka, sylta, safta, odla och lite annat som h\u00f6r hemmet till.<\/p>\n<p>Teresa bakar mycket och syltar och saftar. En del matlagning blir det ocks\u00e5 men \u00e4ven all annan slags pyssel, det blir l\u00e4tt s\u00e5 med pysseltokiga barn. Emma \u00e4r m\u00e4sterodlaren av oss och lagar mycket glutenfri mat.<\/p>\n<p>Vi startade den h\u00e4r bloggen f\u00f6r m\u00e5nga \u00e5r sedan, sen kom livet emellan och det var tyst i flera \u00e5r. Men nu t\u00e4nkte vi ta upp det igen. Vi startar samtidigt upp ett instagram-konto som kommer att l\u00e4nka hit till bloggen. Alla recept finns p\u00e5 bloggen i sin helhet, andra saker kan hamna bara p\u00e5 Instagram och ibland kanske n\u00e5n djupdykning bara p\u00e5 bloggen.<\/p>\n<p>Vi inspireras av m\u00e5nga olika saker; bloggar, instagramfl\u00f6den, b\u00f6cker, tidningar, matlagningsprogram, middagsbjudningar, caf\u00e9er, vad som helst. N\u00e4r vi sen v\u00e4l st\u00e4ller oss i k\u00f6ket s\u00e5 \u00e4r det inte alltid vi f\u00f6ljer recept till punkt och pricka och n\u00e4r vi v\u00e4l skriver ner dom s\u00e5 har vi f\u00f6rmodligen \u00e4ndrat en del.<\/p>\n<p>Vi har en liten regel, inga recept utan bilder. Ibland g\u00f6r vi undantag, men ytterst s\u00e4llan. Alla bilder \u00e4r copyright systrarnasmat.se.<\/p>\n<p>Ni f\u00e5r v\u00e4ldigt g\u00e4rna kommentera i bloggen och st\u00e4lla fr\u00e5gor om n\u00e5got skulle verka konstigt.<\/p>\n<p>Hoppas att ni kommer att\u00a0hitta inspiration h\u00e4r i bloggen!<\/p>\n","protected":false},"excerpt":{"rendered":"<p>Vi \u00e4r tv\u00e5 systrar som tycker om att laga mat, baka, sylta, safta, odla och lite annat som h\u00f6r hemmet till. Teresa bakar mycket och syltar och saftar. En del matlagning blir det ocks\u00e5 men \u00e4ven all annan slags pyssel, det blir l\u00e4tt s\u00e5 med pysseltokiga barn. Emma \u00e4r m\u00e4sterodlaren av oss och lagar mycket [&hellip;]<\/p>\n","protected":false},"author":1,"featured_media":0,"parent":0,"menu_order":0,"comment_status":"open","ping_status":"open","template":"","meta":[],"_links":{"self":[{"href":"https:\/\/systrarnasmat.se\/index.php?rest_route=\/wp\/v2\/pages\/2"}],"collection":[{"href":"https:\/\/systrarnasmat.se\/index.php?rest_route=\/wp\/v2\/pages"}],"about":[{"href":"https:\/\/systrarnasmat.se\/index.php?rest_route=\/wp\/v2\/types\/page"}],"author":[{"embeddable":true,"href":"https:\/\/systrarnasmat.se\/index.php?rest_route=\/wp\/v2\/users\/1"}],"replies":[{"embeddable":true,"href":"https:\/\/systrarnasmat.se\/index.php?rest_route=%2Fwp%2Fv2%2Fcomments&post=2"}],"version-history":[{"count":5,"href":"https:\/\/systrarnasmat.se\/index.php?rest_route=\/wp\/v2\/pages\/2\/revisions"}],"predecessor-version":[{"id":552,"href":"https:\/\/systrarnasmat.se\/index.php?rest_route=\/wp\/v2\/pages\/2\/revisions\/552"}],"wp:attachment":[{"href":"https:\/\/systrarnasmat.se\/index.php?rest_route=%2Fwp%2Fv2%2Fmedia&parent=2"}],"curies":[{"name":"wp","href":"https:\/\/api.w.org\/{rel}","templated":true}]}}